{"id":773,"date":"2022-12-26T00:49:18","date_gmt":"2022-12-25T21:49:18","guid":{"rendered":"https:\/\/www.sunvision.com.tr\/?page_id=773"},"modified":"2022-12-26T00:49:18","modified_gmt":"2022-12-25T21:49:18","slug":"kisisel-veri-sahibi-basvuru-proseduru-ve-formu","status":"publish","type":"page","link":"https:\/\/www.sunvision.com.tr\/tr\/kisisel-veri-sahibi-basvuru-proseduru-ve-formu\/","title":{"rendered":"Ki\u015fisel Veri Sahibi Ba\u015fvuru Prosed\u00fcr\u00fc ve Formu"},"content":{"rendered":"\n<style type=\"text\/css\" data-created_by=\"avia_inline_auto\" id=\"style-css-av-lc3wj38k-557274cb77341dfe19ea0420784d489a\">\n#top .av-special-heading.av-lc3wj38k-557274cb77341dfe19ea0420784d489a{\npadding-bottom:10px;\n}\nbody .av-special-heading.av-lc3wj38k-557274cb77341dfe19ea0420784d489a .av-special-heading-tag .heading-char{\nfont-size:25px;\n}\n.av-special-heading.av-lc3wj38k-557274cb77341dfe19ea0420784d489a .av-subheading{\nfont-size:15px;\n}\n<\/style>\n<div  class='av-special-heading av-lc3wj38k-557274cb77341dfe19ea0420784d489a av-special-heading-h1  avia-builder-el-0  el_before_av_textblock  avia-builder-el-first '><h1 class='av-special-heading-tag '  itemprop=\"headline\"  >Ki\u015fisel Veri Sahibi Ba\u015fvuru Prosed\u00fcr\u00fc ve Formu<\/h1><div class=\"special-heading-border\"><div class=\"special-heading-inner-border\"><\/div><\/div><\/div>\n<section  class='av_textblock_section av-lc3wkwh7-34a4c67d83043ee650d536892dd1171a '   itemscope=\"itemscope\" itemtype=\"https:\/\/schema.org\/CreativeWork\" ><div class='avia_textblock'  itemprop=\"text\" ><p><strong>G\u00fcncelleme Tarihi:<\/strong> 15\/12\/2022<\/p>\n<p><strong>\u00a0<\/strong><strong>GENEL A\u00c7IKLAMALAR<\/strong><\/p>\n<p>6698 say\u0131l\u0131 Ki\u015fisel Verilerin Korunmas\u0131 Kanunu&#8217;nda (&#8220;KVK&#8221; ya da \u00a0&#8220;Kanun&#8221;) ilgili ki\u015fi olarak tan\u0131mlanan ki\u015fisel veri sahiplerine (Bundan b\u00f6yle &#8220;Ba\u015fvuru Sahibi&#8221; olarak an\u0131lacakt\u0131r.) Kanun&#8217;un 11. maddesinde ki\u015fisel verilerinin i\u015flenmesine ili\u015fkin belirli taleplerde bulunma hakk\u0131 tan\u0131nm\u0131\u015ft\u0131r.<\/p>\n<p><strong>\u015eirket,\u00a0<\/strong>Kanun&#8217;un 13\/I. maddesi uyar\u0131nca Veri Sorumlusu olarak bu haklara ili\u015fkin olarak yaz\u0131l\u0131 ba\u015fvuru veya Ki\u015fisel Verileri Koruma Kurulu (&#8221;Kurul&#8221;) taraf\u0131ndan belirlenen di\u011fer y\u00f6ntemlerle yap\u0131lacak ba\u015fvurular\u0131 y\u00f6netmektedir.<\/p>\n<p>Hakk\u0131n\u0131zda tuttu\u011fumuz ki\u015fisel verilerin do\u011fru ve g\u00fcncel olmas\u0131 \u00f6nemlidir. Bu nedenle ki\u015fisel verilerinizde bir de\u011fi\u015fiklik meydana geldi\u011finde l\u00fctfen bize bildiriniz. Kanun ve ilgili mevzuat uyar\u0131nca kendinizle ilgili;<\/p>\n<ul>\n<li>Ki\u015fisel veri i\u015flenip i\u015flenmedi\u011fini \u00f6\u011frenebilir,<\/li>\n<li>Toplad\u0131\u011f\u0131m\u0131z bilgilere ili\u015fkin ayr\u0131nt\u0131lar\u0131 talep edebilir,<\/li>\n<li>Bu bilgilerin ne ama\u00e7la topland\u0131\u011f\u0131n\u0131 ve ne \u015fekilde kullan\u0131ld\u0131\u011f\u0131n\u0131, yurt i\u00e7inde veya yurt d\u0131\u015f\u0131nda ki\u015fisel verilerin aktar\u0131ld\u0131\u011f\u0131 \u00fc\u00e7\u00fcnc\u00fc ki\u015fileri \u00f6\u011frenebilir veya<\/li>\n<li>Eksik veya yanl\u0131\u015f i\u015flenmi\u015f olmas\u0131 h\u00e2linde bunlar\u0131n d\u00fczeltilmesini, g\u00fcncellenmesini veya bunlar\u0131n i\u015flenmesini gerektiren sebepler ortadan kalkt\u0131ysa silinmesini aktar\u0131m yap\u0131lan \u00fc\u00e7\u00fcnc\u00fc ki\u015filere yap\u0131lacak bildirimleri de kapsayacak \u015fekilde isteyebilirsiniz.<\/li>\n<\/ul>\n<p><strong>\u00a0<\/strong><strong>VER\u0130 SAH\u0130B\u0130 BA\u015eVURU PROSED\u00dcR\u00dc<\/strong><\/p>\n<p>Ba\u015fvuru Formu, 6698 say\u0131l\u0131 Kanun kapsam\u0131nda Veri \u0130lgilisi olarak sahip oldu\u011funuz haklar uyar\u0131nca, <strong>SUNVISION Tekstil Ambalaj Malzemeleri Sanayi Ve Ticaret Anonim \u015eirketi<\/strong> (Veri Sorumlusu) nezdinde ki\u015fisel verilerinize ili\u015fkin yapaca\u011f\u0131n\u0131z ba\u015fvuru konusu talebinizin yerine getirilebilmesi i\u00e7in haz\u0131rlanm\u0131\u015ft\u0131r. Bu \u00e7er\u00e7evede taraf\u0131m\u0131za<strong>\u00a0<\/strong>&#8220;yaz\u0131l\u0131&#8221; olarak ba\u015fvuruda bulunulmas\u0131 i\u00e7in;<\/p>\n<p>A. \u0130\u015fbu formu a\u015fa\u011f\u0131da verilen link kullan\u0131larak indirilip, doldurman\u0131z i\u00e7in ayr\u0131lan b\u00f6l\u00fcmlerin a\u00e7\u0131k ve eksiksiz bir \u015fekilde doldurduktan sonra \u00e7\u0131kt\u0131s\u0131n\u0131n al\u0131n\u0131p zarf\u0131n \u00fczerine veya konuya &#8220;Ki\u015fisel Verilerin Korunmas\u0131 Kanunu Kapsam\u0131nda Bilgi Talebi&#8221; yaz\u0131larak;<\/p>\n<ul>\n<li>Ba\u015fvuru sahibinin \u015fahsen ba\u015fvurusu ile,<\/li>\n<li>Noter veya iadeli taahh\u00fctl\u00fc posta vas\u0131tas\u0131yla,<\/li>\n<li><strong>\u015eirket<\/strong> adresine \u0131slak imzal\u0131 olarak iletebilirsiniz.<\/li>\n<\/ul>\n<p><strong>Adres:<\/strong> Adil, Ba\u015fak Sk. No:2, 34935,\u00a0 Sultanbeyli\/\u0130stanbul &#8211; T\u00fcrkiye<\/p>\n<p>B. Ya da a\u015fa\u011f\u0131daki y\u00f6ntemlerle elektronik olarak;<\/p>\n<ul>\n<li><strong>\u015eirket\u00a0<\/strong>kay\u0131tl\u0131 elektronik posta (KEP) adresi kullan\u0131larak,<\/li>\n<li><strong>\u015eirket\u00a0<\/strong>taraf\u0131ndan KVKK ba\u015fvurusu i\u00e7in belirlenmi\u015f\u00a0info@sunvision.com.tr elektronik posta adresini kullanmak suretiyle,<\/li>\n<li>Ba\u015fvuru amac\u0131na y\u00f6nelik geli\u015ftirilmi\u015f bir yaz\u0131l\u0131m ya da uygulama vas\u0131tas\u0131yla<\/li>\n<\/ul>\n<p>ba\u015fvurunuzu iletebilirsiniz.<\/p>\n<p>Yapt\u0131\u011f\u0131n\u0131z ba\u015fvuruya, Kanun h\u00fckm\u00fc uyar\u0131nca en ge\u00e7 30 g\u00fcn i\u00e7erisinde m\u00fcmk\u00fcn olan en k\u0131sa s\u00fcrede cevap verilecektir. Sundu\u011funuz bilgi ve belgelerin eksik olmas\u0131 ya da anla\u015f\u0131lamaz olmas\u0131 halinde bile ba\u015fvurunuzu sonu\u00e7land\u0131rmak ad\u0131na Veri Sorumlusu olarak sizlerle ileti\u015fime ge\u00e7ece\u011fimizi bilmenizi isteriz.<\/p>\n<p>VER\u0130 SAH\u0130B\u0130 BA\u015eVURU FORMU indirmek i\u00e7in <a href=\"https:\/\/www.sunvision.com.tr\/wp-content\/uploads\/VERI-SAHIBI-BASVURU-FORMU-Sunvision.docx\"><u>t\u0131klay\u0131n\u0131z.<\/u><\/a><\/p>\n<\/div><\/section>\n","protected":false},"excerpt":{"rendered":"","protected":false},"author":1,"featured_media":0,"parent":0,"menu_order":0,"comment_status":"closed","ping_status":"closed","template":"","meta":{"footnotes":""},"class_list":["post-773","page","type-page","status-publish","hentry"],"_links":{"self":[{"href":"https:\/\/www.sunvision.com.tr\/tr\/wp-json\/wp\/v2\/pages\/773","targetHints":{"allow":["GET"]}}],"collection":[{"href":"https:\/\/www.sunvision.com.tr\/tr\/wp-json\/wp\/v2\/pages"}],"about":[{"href":"https:\/\/www.sunvision.com.tr\/tr\/wp-json\/wp\/v2\/types\/page"}],"author":[{"embeddable":true,"href":"https:\/\/www.sunvision.com.tr\/tr\/wp-json\/wp\/v2\/users\/1"}],"replies":[{"embeddable":true,"href":"https:\/\/www.sunvision.com.tr\/tr\/wp-json\/wp\/v2\/comments?post=773"}],"version-history":[{"count":1,"href":"https:\/\/www.sunvision.com.tr\/tr\/wp-json\/wp\/v2\/pages\/773\/revisions"}],"predecessor-version":[{"id":776,"href":"https:\/\/www.sunvision.com.tr\/tr\/wp-json\/wp\/v2\/pages\/773\/revisions\/776"}],"wp:attachment":[{"href":"https:\/\/www.sunvision.com.tr\/tr\/wp-json\/wp\/v2\/media?parent=773"}],"curies":[{"name":"wp","href":"https:\/\/api.w.org\/{rel}","templated":true}]}}