{"id":769,"date":"2022-12-26T00:41:29","date_gmt":"2022-12-25T21:41:29","guid":{"rendered":"https:\/\/www.sunvision.com.tr\/?page_id=769"},"modified":"2022-12-26T00:41:29","modified_gmt":"2022-12-25T21:41:29","slug":"internet-sitesi-aydinlatma-metni","status":"publish","type":"page","link":"https:\/\/www.sunvision.com.tr\/tr\/internet-sitesi-aydinlatma-metni\/","title":{"rendered":"\u0130nternet Sitesi Ayd\u0131nlatma Metni"},"content":{"rendered":"\n<style type=\"text\/css\" data-created_by=\"avia_inline_auto\" id=\"style-css-av-lc3w6h14-d0b2618a3cd6ee8c20ec79371dd27e17\">\n#top .av-special-heading.av-lc3w6h14-d0b2618a3cd6ee8c20ec79371dd27e17{\npadding-bottom:10px;\n}\nbody .av-special-heading.av-lc3w6h14-d0b2618a3cd6ee8c20ec79371dd27e17 .av-special-heading-tag .heading-char{\nfont-size:25px;\n}\n.av-special-heading.av-lc3w6h14-d0b2618a3cd6ee8c20ec79371dd27e17 .av-subheading{\nfont-size:15px;\n}\n<\/style>\n<div  class='av-special-heading av-lc3w6h14-d0b2618a3cd6ee8c20ec79371dd27e17 av-special-heading-h1  avia-builder-el-0  el_before_av_textblock  avia-builder-el-first '><h1 class='av-special-heading-tag '  itemprop=\"headline\"  >\u0130nternet Sitesi Ayd\u0131nlatma Metni<\/h1><div class=\"special-heading-border\"><div class=\"special-heading-inner-border\"><\/div><\/div><\/div>\n<section  class='av_textblock_section av-lc3wapkv-2ff6b5a0b93347fb4129e834e21530cb '   itemscope=\"itemscope\" itemtype=\"https:\/\/schema.org\/CreativeWork\" ><div class='avia_textblock'  itemprop=\"text\" ><p><strong>G\u00fcncelleme Tarihi : <\/strong>15\/12\/2022<\/p>\n<h3><strong>1. <\/strong><strong>AYDINLATMA METN\u0130N\u0130N AMACI VE KAPSAMI NED\u0130R?<\/strong><\/h3>\n<p><strong>Sunvision Tekstil Ambalaj Malzemeleri Sanayi Ve Tic.A.\u015e.<\/strong> <strong>(<\/strong><strong><em>&#8220;<\/em><\/strong><strong>Sunvision<\/strong><strong>&#8221; <\/strong>ya da &#8220;<strong>\u015eirket&#8221;) <\/strong>olarak Kanun&#8217;un 10. maddesinde \u00f6ng\u00f6r\u00fclen s\u0131n\u0131rlar ve \u015fartlar dahilinde ki\u015fisel verileri nas\u0131l i\u015fledi\u011fimize ili\u015fkin sizi bilgilendirmeyi ama\u00e7l\u0131yoruz. Bizimle payla\u015ft\u0131\u011f\u0131n\u0131z ki\u015fisel verilerinizin g\u00fcvenli\u011fi ve korunmas\u0131 konusuna \u00f6nem veriyoruz.<\/p>\n<p><strong>\u015eirket<em>\u00a0<\/em><\/strong>bu metinde belirtilen durumlarda bir &#8220;veri sorumlusudur&#8221;. Ki\u015fisel verilerinizi 6698 say\u0131l\u0131 Ki\u015fisel Verilerin Korunmas\u0131 Kanunu&#8217;na (&#8220;KVK&#8221; ya da &#8220;Kanun&#8221;) uygun olarak i\u015fliyor, ki\u015fisel verilerinizin korunmas\u0131 i\u00e7in uygun, \u00f6l\u00e7\u00fcl\u00fc ve yeterli idari ve teknik tedbirler al\u0131yoruz. \u0130nternet sitemizde at\u0131f yapt\u0131\u011f\u0131m\u0131z veya bilgilerini payla\u015ft\u0131\u011f\u0131m\u0131z, \u00fc\u00e7\u00fcnc\u00fc ki\u015fi ve kurulu\u015flara ait internet sitelerine ili\u015fkin sorumluluk kurulu\u015fumuza de\u011fil ilgili sitelerin i\u015fletmecilerine ve sahiplerine aittir. Ki\u015fisel verilerin i\u015flenmesi konusunda ve ki\u015fisel verilere ili\u015fkin temel kavramlar hakk\u0131nda bilgi almak i\u00e7in <a href=\"applewebdata:\/\/46AE98E6-03BA-4701-87F2-B71A09648574\/-!-Gizlilik%20Politika%20Link-!-\"><strong>Gizlilik Politikam\u0131z\u0131<\/strong><\/a> inceleyebilirsiniz.<\/p>\n<h3><strong>2. VER\u0130 SORUMLUSU OLARAK B\u0130Z K\u0130M\u0130Z?<\/strong><\/h3>\n<p>Veri sorumlusu olarak yasa ve Kurul kararlar\u0131ndan kaynaklanan y\u00fck\u00fcml\u00fcl\u00fcklerimizi idari tedbirler ile uygun ve \u00f6l\u00e7\u00fcl\u00fc seviyedeki teknik tedbirler alarak yerine getiriyoruz. K\u00fcnyemiz ve ki\u015fisel verilerle ilgili bize ula\u015fabilece\u011finiz ileti\u015fim bilgilerimiz \u015fu \u015fekildedir:<\/p>\n<table width=\"645\">\n<tbody>\n<tr>\n<td width=\"128\"><strong>\u00dcnvan :<\/strong><\/td>\n<td width=\"510\">Sunvision Tekstil Ambalaj Malzemeleri Sanayi Ve Tic.A.\u015e.<\/td>\n<\/tr>\n<tr>\n<td width=\"128\"><strong>Adres :<\/strong><\/td>\n<td width=\"510\">Adil, Ba\u015fak Sk. No:2, 34935, Sultanbeyli\/\u0130stanbul &#8211; T\u00fcrkiye<\/td>\n<\/tr>\n<tr>\n<td width=\"128\"><strong>\u0130nternet Sitelerimiz:<\/strong><\/td>\n<td width=\"510\"><a href=\"http:\/\/www.sunvision.com.tr\/\">www.sunvision.com.tr\\<\/a><\/td>\n<\/tr>\n<tr>\n<td width=\"128\"><strong>Telefon :<\/strong><\/td>\n<td width=\"510\">+90 216 592 91 91<\/td>\n<\/tr>\n<tr>\n<td width=\"128\"><strong>e-posta (KVK i\u00e7in):<\/strong><\/td>\n<td width=\"510\">info@sunvision.com.tr<\/td>\n<\/tr>\n<\/tbody>\n<\/table>\n<h3><strong>3. K\u0130M\u0130N, HANG\u0130 K\u0130\u015e\u0130SEL VER\u0130LER\u0130N\u0130 \u0130\u015eL\u0130YORUZ?<\/strong><\/h3>\n<p>\u0130nternet sitesi ziyaret\u00e7ilerimizin a\u015fa\u011f\u0131da listelenen kategorilerdeki ki\u015fisel verilerini ve \u00f6zel nitelikli ki\u015fisel verilerini i\u015fliyoruz.<\/p>\n<p><strong>Ki\u015fisel Veri Kategorileri :<\/strong><\/p>\n<p>&#x2611;&#xfe0f; <strong>Kimlik<\/strong> (<em>ad soyad,<\/em>),<\/p>\n<p>&#x2611;&#xfe0f; <strong>\u0130leti\u015fim<\/strong> (<em>eposta \u00a0adresi)<\/em><\/p>\n<p>&#x2611;&#xfe0f;\u00a0\u00a0 \u0130\u015flem G\u00fcvenli\u011fi (<em>\u0130nternet sitesi gezinme bilgileri, \u00e7erezler<\/em>)<\/p>\n<p>&#x2611;&#xfe0f; Di\u011fer (<em>\u0130leti\u015fim formu ve \u00d6zge\u00e7mi\u015f i\u00e7eri\u011finde yer alan di\u011fer bilgiler<\/em>)<\/p>\n<h3><strong>4. K\u0130\u015e\u0130SEL VER\u0130LER\u0130N\u0130Z\u0130 HANG\u0130 AMA\u00c7LARLA \u0130\u015eL\u0130YORUZ?<\/strong><\/h3>\n<p>Ki\u015fisel verileriniz KVK Kanunundaki ilkeler do\u011frultusunda internet sitelerimiz ve internet servislerimiz \u00fczerinde a\u015fa\u011f\u0131daki genel ve \u00f6zel ama\u00e7larla i\u015fliyoruz.<\/p>\n<ul>\n<li>\u0130leti\u015fim Faaliyetlerinin Y\u00fcr\u00fct\u00fclmesi,<\/li>\n<li>Hosting Hizmeti Almak,<\/li>\n<li>\u0130nternet Sitelerini \u0130\u015fletmek,<\/li>\n<li>\u0130nternet Sitesi \u00c7erez Kay\u0131tlar\u0131n\u0131n \u0130\u015flenmesi<\/li>\n<li>\u00dcr\u00fcnler ve \u00dcretim S\u00fcre\u00e7lerimiz Konular\u0131nda Tan\u0131t\u0131m ve Bilgilendirme yapmak<\/li>\n<li>Talep, \u015eikayet ve \u00d6nerilerin Al\u0131nmas\u0131 ve Gerekti\u011finde Cevapland\u0131r\u0131lmas\u0131<\/li>\n<li>Sunvision Ailesine Kat\u0131lmak \u0130steyen Adaylar\u0131n \u0130\u015f Ba\u015fvurular\u0131n\u0131n Al\u0131nmas\u0131<\/li>\n<li>\u0130nternet Sayfas\u0131 Kullan\u0131m Al\u0131\u015fkanl\u0131klar\u0131na G\u00f6re \u0130\u00e7erik ve Teknik Altyap\u0131ya Y\u00f6nelik G\u00fcncelleme, Bak\u0131m Onar\u0131m ve \u0130yile\u015ftirmeler Yap\u0131lmas\u0131<\/li>\n<\/ul>\n<h3><strong>5. K\u0130\u015e\u0130SEL VER\u0130LER\u0130 HANG\u0130 YOLLARLA \u0130\u015eL\u0130YORUZ VE KORUYORUZ?<\/strong><\/h3>\n<p>Verilerinizi, Kanun&#8217;un 4. maddesinde say\u0131lan ilkeler ve 5 ve 6. maddelerinde belirtilen \u015fartlar dahilinde i\u015flemeye \u00f6zen g\u00f6steriyoruz.<\/p>\n<p>Ki\u015fisel verileriniz otomatik ya da otomatik olmayan y\u00f6ntemlerle <strong>Hosting, Sunucu, Elektronik Posta<\/strong> gibi elektronik ortamlarda ve fiziksel ortamlarda i\u015flenmektedir.<\/p>\n<p><strong>\u015eirket<\/strong> olarak i\u015fledi\u011fimiz ki\u015fisel verilerin korunmas\u0131 ve yetkisiz ki\u015filerin eline ge\u00e7memesi ve veri sahiplerinin ma\u011fdur olmamas\u0131 i\u00e7in gerekli teknik ve idari b\u00fct\u00fcn tedbirler uygun ve \u00f6l\u00e7\u00fcl\u00fc olacak \u015fekilde al\u0131nmaktad\u0131r. Bu \u00e7er\u00e7evede uygulama, yaz\u0131l\u0131m ve bili\u015fim sistemlerimizin standartlara uygun olmas\u0131na ve g\u00fcncel tutulmas\u0131na, veri payla\u015f\u0131lan taraflarla veri aktar\u0131m s\u00f6zle\u015fmeleri imzalanmas\u0131na ve ki\u015fisel veriye dokunan \u00e7al\u0131\u015fanlar\u0131m\u0131zdan ald\u0131\u011f\u0131m\u0131z &#8220;<a href=\"applewebdata:\/\/46AE98E6-03BA-4701-87F2-B71A09648574\/-!-Gizlilik%20Politika%20Link-!-\">Gizlilik Taahh\u00fctnamesi<\/a>&#8220;ne uygun hareket etmeleri konular\u0131na \u00f6zen g\u00f6stermekteyiz.<\/p>\n<h3><strong>\u00a06. <\/strong><strong>K\u0130\u015e\u0130SEL VER\u0130LER\u0130 K\u0130MLERLE VE NEDEN PAYLA\u015eIYORUZ?<\/strong><\/h3>\n<p><strong>\u015eirket<\/strong> olarak a\u015fa\u011f\u0131da say\u0131lan ama\u00e7larla ve Kanun&#8217;un 8 ve 9. maddesine uygun olarak i\u015f ili\u015fkisi i\u00e7inde bulundu\u011fumuz kurulu\u015flarla, idari, hukuki ve teknik hizmetlerinden yararland\u0131\u011f\u0131m\u0131z hizmet sa\u011flay\u0131c\u0131s\u0131 ve \u00e7\u00f6z\u00fcm orta\u011f\u0131 niteli\u011findeki kurulu\u015flara ve yasal zorunluluk hallerinde resmi kurum\/kurulu\u015flara aktar\u0131lmaktad\u0131r.<\/p>\n<p>Bir veri sorumlusu olarak veri payla\u015ft\u0131\u011f\u0131 kurum ve kurulu\u015flar\u0131n Kanun&#8217;dan kaynaklanan y\u00fck\u00fcml\u00fcl\u00fcklerini yerine getirdiklerinden emin olmak i\u00e7in m\u00fcmk\u00fcn oldu\u011fu \u00f6l\u00e7\u00fcde gerekli kontrolleri yapmakta, taraflar\u0131n y\u00fck\u00fcml\u00fcl\u00fcklerini veri aktar\u0131m s\u00f6zle\u015fmeleri, veri i\u015fleme s\u00f6zle\u015fmeleri ve taahh\u00fctnameler ile g\u00fcvence alt\u0131na almaktay\u0131z.<\/p>\n<p><strong>6.1 Yurt i\u00e7i Payla\u015f\u0131m\u0131n\/Eri\u015fimin Nitelik ve Kapsam\u0131 Nedir?<\/strong><\/p>\n<p>Ki\u015fisel verileri a\u015fa\u011f\u0131da belirtilen yurt i\u00e7inde yerle\u015fik veri sorumlusu ve veri i\u015fleyen stat\u00fcs\u00fcndeki taraflarla payl\u0131yoruz.<\/p>\n<p>1-Bili\u015fim \u015eirketleri ile; \u00a0Hosting Hizmeti Almak ve Teknik Destek ve Hizmet Almak amac\u0131yla,<\/p>\n<p>2-Yetkili Kamu Kurum ve Kurulu\u015flar\u0131 ve Yarg\u0131 Mercileri ile; 5651 say\u0131l\u0131 Kanun gibi mevzuattan Kaynakl\u0131 Y\u00fck\u00fcml\u00fcl\u00fckler ya da olas\u0131 Hukuki Uyu\u015fmazl\u0131klar Nedeniyle<\/p>\n<p><strong>6.2. Yurt d\u0131\u015f\u0131 Payla\u015f\u0131m\u0131n\/Eri\u015fimin Nitelik ve Kapsam\u0131 Nedir?<\/strong><\/p>\n<p>\u0130nternet sitelerimizin i\u015fletilmesi, hizmetlerin geli\u015ftirilmesi, ofis i\u015f ve i\u015flemlerinin y\u00fcr\u00fct\u00fclmesi ve site ziyaret\u00e7ilerine hizmet verilmesi, memnuniyetlerinin temini, beklentilerinin kar\u015f\u0131lanmas\u0131, ileti\u015fim kurulmas\u0131 ama\u00e7lar\u0131yla yurt d\u0131\u015f\u0131nda yerle\u015fik a\u015fa\u011f\u0131da listelenen hizmet sa\u011flay\u0131c\u0131yla ki\u015fisel veri payla\u015fmaktad\u0131r.<\/p>\n<ul>\n<li>Bilgi G\u00fcvenli\u011fi S\u00fcre\u00e7lerinin Y\u00fcr\u00fct\u00fclmesi, Elektronik Kanallar \u00dczerinden \u0130leti\u015fim Kurmak, Kurumsal\u00a0E-posta Hesaplar\u0131n\u0131\u00a0Y\u00f6netmek, Verileri Yedeklemek ama\u00e7lar\u0131yla, ABD men\u015feli Microsoft Corporation ile.<\/li>\n<\/ul>\n<p>Hizmet sa\u011flay\u0131c\u0131n\u0131n gizlilik politikalar\u0131na a\u015fa\u011f\u0131daki ba\u011flant\u0131lardan ula\u015fabilirsiniz:<\/p>\n<ul>\n<li>Microsoft Corporation <a href=\"https:\/\/privacy.microsoft.com\/en-us\/privacystatement\">Gizlilik Politikas\u0131<\/a><\/li>\n<\/ul>\n<h3><strong>7. K\u0130\u015e\u0130SEL VER\u0130LER\u0130 HANG\u0130 HUKUK\u0130 SEBEPLERLE \u0130\u015eL\u0130YORUZ?<\/strong><\/h3>\n<p>Ki\u015fisel verileriniz Kanun&#8217;un 5. maddesinde de belirtildi\u011fi \u015fekliye \u00f6ncelikle &#8220;a\u00e7\u0131k r\u0131za&#8221; \u015fart\u0131na dayal\u0131 olarak i\u015flenebilmektedir. Ayr\u0131ca ayn\u0131 maddede ge\u00e7en,<\/p>\n<ol>\n<li>&#8220;Kanunlarda a\u00e7\u0131k\u00e7a \u00f6ng\u00f6r\u00fclme&#8221;<\/li>\n<li>&#8220;S\u00f6zle\u015fmenin kurulmas\u0131 ya da ifas\u0131&#8221; hukuki sebebine dayal\u0131 olarak; taraf\u0131 oldu\u011funuz s\u00f6zle\u015fme gereklerinin yerine getirilmesi,<\/li>\n<li>Veri sorumlusunun hukuki y\u00fck\u00fcml\u00fcl\u00fc\u011f\u00fcn\u00fc yerine getirebilmesi&#8221; hukuki sebebine dayal\u0131 olarak, mahkemeler ve bilgi-belge talep eden kamu kurum ve kurulu\u015flar\u0131n\u0131n taleplerine cevap verilmesi gibi ilgili mevzuatta \u00f6ng\u00f6r\u00fclen yasal y\u00fck\u00fcml\u00fcl\u00fcklerin yerine getirilmesi,<\/li>\n<li>&#8220;\u0130lgili ki\u015finin kendisi taraf\u0131ndan alenile\u015ftirilmi\u015f olmas\u0131&#8221;,<\/li>\n<li>&#8220;Bir hakk\u0131n tesisi, kullan\u0131lmas\u0131 veya korunmas\u0131&#8221; hukuki sebebine dayal\u0131 olarak, olas\u0131 uyu\u015fmazl\u0131klarda ispat vesilesi olmas\u0131, hukuki dan\u0131\u015fmanl\u0131k ve teknik destek al\u0131nabilmesi<\/li>\n<li>\u0130lgili ki\u015finin temel hak ve \u00f6zg\u00fcrl\u00fcklerine zarar vermemek kayd\u0131yla, veri sorumlusunun &#8220;me\u015fru menfaatleri i\u00e7in&#8221; veri i\u015flenmesinin zorunlu olmas\u0131<\/li>\n<\/ol>\n<p>hukuki sebeplerine istinaden &#8220;<u>a\u00e7\u0131k r\u0131za aranmaks\u0131z\u0131n<\/u>&#8221; i\u015flenebilmektedir.<\/p>\n<p>Ki\u015fisel verilerinizi ayr\u0131ca a\u015fa\u011f\u0131daki mevzuat \u00e7er\u00e7evesinde i\u015fliyoruz:<\/p>\n<p>1- 5651 say\u0131l\u0131 Kanun<\/p>\n<p>2- 6698 say\u0131l\u0131 Ki\u015fisel Verilerin Korunmas\u0131 Kanunu Md. 5\/d( \u0130lgili ki\u015finin kendisi taraf\u0131ndan alenile\u015ftirilmi\u015f olmas\u0131)<\/p>\n<p>3- 6698 say\u0131l\u0131 Ki\u015fisel Verilerin Korunmas\u0131<\/p>\n<\/div><\/section>\n","protected":false},"excerpt":{"rendered":"","protected":false},"author":1,"featured_media":0,"parent":0,"menu_order":0,"comment_status":"closed","ping_status":"closed","template":"","meta":{"footnotes":""},"class_list":["post-769","page","type-page","status-publish","hentry"],"_links":{"self":[{"href":"https:\/\/www.sunvision.com.tr\/tr\/wp-json\/wp\/v2\/pages\/769","targetHints":{"allow":["GET"]}}],"collection":[{"href":"https:\/\/www.sunvision.com.tr\/tr\/wp-json\/wp\/v2\/pages"}],"about":[{"href":"https:\/\/www.sunvision.com.tr\/tr\/wp-json\/wp\/v2\/types\/page"}],"author":[{"embeddable":true,"href":"https:\/\/www.sunvision.com.tr\/tr\/wp-json\/wp\/v2\/users\/1"}],"replies":[{"embeddable":true,"href":"https:\/\/www.sunvision.com.tr\/tr\/wp-json\/wp\/v2\/comments?post=769"}],"version-history":[{"count":1,"href":"https:\/\/www.sunvision.com.tr\/tr\/wp-json\/wp\/v2\/pages\/769\/revisions"}],"predecessor-version":[{"id":770,"href":"https:\/\/www.sunvision.com.tr\/tr\/wp-json\/wp\/v2\/pages\/769\/revisions\/770"}],"wp:attachment":[{"href":"https:\/\/www.sunvision.com.tr\/tr\/wp-json\/wp\/v2\/media?parent=769"}],"curies":[{"name":"wp","href":"https:\/\/api.w.org\/{rel}","templated":true}]}}