{"id":308,"date":"2018-05-13T13:58:09","date_gmt":"2018-05-13T10:58:09","guid":{"rendered":"http:\/\/webevi.site\/sunvision\/?page_id=308"},"modified":"2026-04-05T19:45:08","modified_gmt":"2026-04-05T16:45:08","slug":"iletisim","status":"publish","type":"page","link":"https:\/\/www.sunvision.com.tr\/tr\/iletisim\/","title":{"rendered":"\u0130leti\u015fim"},"content":{"rendered":"<div  class='flex_column av-ajfyk-0b265c2239b87dcf29c60bc3a59fca4c av_one_full  avia-builder-el-0  el_before_av_two_third  avia-builder-el-first  first flex_column_div avia-link-column av-column-link  '    data-link-column-url=\"https:\/\/maps.app.goo.gl\/5Q289eMBkPqa2zFJ9\"  data-link-column-target=\"_blank\"   ><a class=\"av-screen-reader-only\" href=https:\/\/maps.app.goo.gl\/5Q289eMBkPqa2zFJ9  target=\"_blank\" >Follow a manual added link<\/a><div  class='av_gmaps_sc_main_wrap av_gmaps_main_wrap '><div id='av_gmap_0' class='avia-google-map-container avia-google-map-sc av_gmaps_show_unconditionally av-no-fallback-img ' data-mapid='av_gmap_0'  style='height: 400px;'><a class=\"av_gmaps_browser_disabled av_text_confirm_link av_text_confirm_link_visible\" href=\"https:\/\/www.google.com\/maps\/search\/?api=1&#038;query=Sun%20Vision\" target=\"_blank\">Maps were disabled by the visitor on this site. Click to open the map in a new window.<\/a><\/div><\/div><\/div>\n<style type=\"text\/css\" data-created_by=\"avia_inline_auto\" id=\"style-css-av-4oizt-53069a94931f583845be59268ab2a794\">\n.flex_column.av-4oizt-53069a94931f583845be59268ab2a794{\nborder-radius:0px 0px 0px 0px;\npadding:0px 0px 0px 0px;\n}\n<\/style>\n<div  class='flex_column av-4oizt-53069a94931f583845be59268ab2a794 av_two_third  avia-builder-el-2  el_after_av_one_full  el_before_av_one_third  first flex_column_div av-zero-column-padding  column-top-margin'     ><p>\n<style type=\"text\/css\" data-created_by=\"avia_inline_auto\" id=\"style-css-av-6v7xg-091a8692fb560a7c043d7b50acd0a024\">\n#top .av-special-heading.av-6v7xg-091a8692fb560a7c043d7b50acd0a024{\npadding-bottom:10px;\n}\nbody .av-special-heading.av-6v7xg-091a8692fb560a7c043d7b50acd0a024 .av-special-heading-tag .heading-char{\nfont-size:25px;\n}\n.av-special-heading.av-6v7xg-091a8692fb560a7c043d7b50acd0a024 .av-subheading{\nfont-size:15px;\n}\n<\/style>\n<div  class='av-special-heading av-6v7xg-091a8692fb560a7c043d7b50acd0a024 av-special-heading-h3 blockquote modern-quote  avia-builder-el-3  el_before_av_hr  avia-builder-el-first '><h3 class='av-special-heading-tag '  itemprop=\"headline\"  >\u0130leti\u015fim Formu<\/h3><div class=\"special-heading-border\"><div class=\"special-heading-inner-border\"><\/div><\/div><\/div><br \/>\n\n<style type=\"text\/css\" data-created_by=\"avia_inline_auto\" id=\"style-css-av-jgl2se4r-aa4c5197d3b45acfec1f4261cac4a28f\">\n#top .hr.av-jgl2se4r-aa4c5197d3b45acfec1f4261cac4a28f{\nmargin-top:10px;\nmargin-bottom:10px;\n}\n.hr.av-jgl2se4r-aa4c5197d3b45acfec1f4261cac4a28f .hr-inner{\nwidth:50px;\nborder-color:#7f2891;\n}\n<\/style>\n<div  class='hr av-jgl2se4r-aa4c5197d3b45acfec1f4261cac4a28f hr-custom  avia-builder-el-4  el_after_av_heading  el_before_av_contact  hr-left hr-icon-no'><span class='hr-inner inner-border-av-border-thin'><span class=\"hr-inner-style\"><\/span><\/span><\/div><br \/>\n<form action=\"https:\/\/www.sunvision.com.tr\/tr\/iletisim\/\" method=\"post\" data-fields-with-error=\"Found errors in the following field(s):\" class=\"avia_ajax_form av-form-labels-visible   avia-builder-el-5  el_after_av_hr  avia-builder-el-last   \" data-avia-form-id=\"1\" data-avia-redirect='' ><fieldset><p class='  first_form  form_element form_fullwidth' id='element_avia_1_1'><label for=\"avia_1_1\">Ad Soyad <abbr class=\"required\" title=\"Zorunlu\">*<\/abbr><\/label> <input name=\"avia_1_1\" class=\"text_input is_empty\" type=\"text\" id=\"avia_1_1\" value=\"\" \/><\/p><p class='  first_form  form_element form_fullwidth' id='element_avia_2_1'><label for=\"avia_2_1\">E-Posta <abbr class=\"required\" title=\"Zorunlu\">*<\/abbr><\/label> <input name=\"avia_2_1\" class=\"text_input is_email\" type=\"text\" id=\"avia_2_1\" value=\"\" \/><\/p><p class='  first_form  form_element form_fullwidth' id='element_avia_3_1'><label for=\"avia_3_1\">Konu <abbr class=\"required\" title=\"Zorunlu\">*<\/abbr><\/label> <input name=\"avia_3_1\" class=\"text_input is_empty\" type=\"text\" id=\"avia_3_1\" value=\"\" \/><\/p><p class='  first_form  form_element form_fullwidth' id='element_avia_4_1'><label for=\"avia_4_1\" class=\"textare_label hidden textare_label_avia_4_1\">Mesaj <abbr class=\"required\" title=\"Zorunlu\">*<\/abbr><\/label><textarea  name=\"avia_4_1\" class=\"text_area is_empty\" cols=\"40\" rows=\"7\" id=\"avia_4_1\" ><\/textarea><\/p><p class=\"hidden\"><input type=\"text\" name=\"avia_5_1\" class=\"hidden \" id=\"avia_5_1\" value=\"\" \/><\/p><div id='avia_6_1' class='av-recaptcha-area  first_form  form_element form_fullwidth '  data-container_class=\"\" data-custom_class=\"\" data-context=\"av_contact_form\" data-token_input=\"av_recaptcha_token\" data-version=\"avia_recaptcha_v3\" data-theme=\"light\" data-size=\"normal\" data-score=\"0.5\" data-text_to_preview=\"\" data-value=\"\"><div class=\"av-google-badge-message hidden\">This site is protected by reCAPTCHA and the Google <a href=\"https:\/\/policies.google.com\/privacy\">Privacy Policy<\/a> and <a href=\"https:\/\/policies.google.com\/terms\">Terms of Service<\/a> apply.<\/div><\/div><p class=\"form_element \"><input type=\"hidden\" value=\"1\" name=\"avia_generated_form1\" \/><input type=\"submit\" value=\"G\u00f6nder\" class=\"button\"  data-sending-label=\"G\u00f6nderiliyor\"\/><\/p><\/fieldset><div class=\"avia-disabled-form\">This contact form is deactivated because you refused to accept Google reCaptcha service which is necessary to validate any messages sent by the form.<\/div><\/form><div id=\"ajaxresponse_1\" class=\"ajaxresponse ajaxresponse_1 hidden\"><\/div><\/p><\/div><\/p>\n\n<style type=\"text\/css\" data-created_by=\"avia_inline_auto\" id=\"style-css-av-plmh-a3f52289a705028f6cc5b63182a7ed36\">\n.flex_column.av-plmh-a3f52289a705028f6cc5b63182a7ed36{\nborder-radius:0px 0px 0px 0px;\npadding:0px 0px 0px 0px;\n}\n<\/style>\n<div  class='flex_column av-plmh-a3f52289a705028f6cc5b63182a7ed36 av_one_third  avia-builder-el-6  el_after_av_two_third  avia-builder-el-last  flex_column_div av-zero-column-padding  column-top-margin'     ><p>\n<style type=\"text\/css\" data-created_by=\"avia_inline_auto\" id=\"style-css-av-7z2cc-afc8be260e2c06c3942512167db20f17\">\n#top .av-special-heading.av-7z2cc-afc8be260e2c06c3942512167db20f17{\npadding-bottom:10px;\n}\nbody .av-special-heading.av-7z2cc-afc8be260e2c06c3942512167db20f17 .av-special-heading-tag .heading-char{\nfont-size:25px;\n}\n.av-special-heading.av-7z2cc-afc8be260e2c06c3942512167db20f17 .av-subheading{\nfont-size:15px;\n}\n<\/style>\n<div  class='av-special-heading av-7z2cc-afc8be260e2c06c3942512167db20f17 av-special-heading-h3 blockquote modern-quote  avia-builder-el-7  el_before_av_hr  avia-builder-el-first '><h3 class='av-special-heading-tag '  itemprop=\"headline\"  >SunVision Tekstil Ambalaj Mlz. San. ve Tic. A.\u015e.<\/h3><div class=\"special-heading-border\"><div class=\"special-heading-inner-border\"><\/div><\/div><\/div><br \/>\n\n<style type=\"text\/css\" data-created_by=\"avia_inline_auto\" id=\"style-css-av-jgl2se4r-1-4e1ac83d117a5463981154a4d2777043\">\n#top .hr.av-jgl2se4r-1-4e1ac83d117a5463981154a4d2777043{\nmargin-top:10px;\nmargin-bottom:10px;\n}\n.hr.av-jgl2se4r-1-4e1ac83d117a5463981154a4d2777043 .hr-inner{\nwidth:50px;\nborder-color:#7f2891;\n}\n<\/style>\n<div  class='hr av-jgl2se4r-1-4e1ac83d117a5463981154a4d2777043 hr-custom  avia-builder-el-8  el_after_av_heading  el_before_av_textblock  hr-left hr-icon-no'><span class='hr-inner inner-border-av-border-thin'><span class=\"hr-inner-style\"><\/span><\/span><\/div><br \/>\n<section  class='av_textblock_section av-jgl16e6y-09b22678ec6dafed37a3cf622edf934c '   itemscope=\"itemscope\" itemtype=\"https:\/\/schema.org\/CreativeWork\" ><div class='avia_textblock'  itemprop=\"text\" ><p>Adres: Adil Mah. Ba\u015fak Sok No:2 Etyemezler Plaza 34216 Sultanbeyli \/ \u0130stanbul<\/p>\n<p>Tel:+90 216 592 91 91<\/p>\n<p>Fax:+90 216 592 98 98<\/p>\n<p>E-Posta:\u00a0<a class=\"link\" href=\"mailto:info@sunvision.com.tr\">info@sunvision.com.tr<\/a><\/p>\n<p>\u00d6zge\u00e7mi\u015f g\u00f6ndermek istiyorsan\u0131z: <a href=\"mailto:insankaynaklari@sunvision.com.tr\" target=\"_blank\" rel=\"noopener\">insankaynaklari@sunvision.com.<wbr \/>tr<\/a><\/p>\n<\/div><\/section><br \/>\n<div  class='hr av-akvno-f6830abb290ec55d76fbfba6ec77e6d6 hr-default  avia-builder-el-10  el_after_av_textblock  el_before_av_textblock '><span class='hr-inner '><span class=\"hr-inner-style\"><\/span><\/span><\/div><br \/>\n\n<style type=\"text\/css\" data-created_by=\"avia_inline_auto\" id=\"style-css-av-lc3wvtxf-2c3e596568ef08130732c6a896259128\">\n#top .av_textblock_section.av-lc3wvtxf-2c3e596568ef08130732c6a896259128 .avia_textblock{\nfont-size:12px;\n}\n<\/style>\n<section  class='av_textblock_section av-lc3wvtxf-2c3e596568ef08130732c6a896259128 '   itemscope=\"itemscope\" itemtype=\"https:\/\/schema.org\/CreativeWork\" ><div class='avia_textblock'  itemprop=\"text\" ><p>Sunvision olarak ki\u015fisel verilerinizi 6698 say\u0131l\u0131 Kanun&#8217;a uygun olarak ileti\u015fim, talep, \u015fikayet ve \u00f6neri alma ve bunlara ili\u015fkin sizleri bilgilendirme ama\u00e7lar\u0131yla yurt i\u00e7inde <strong>ve yurt d\u0131\u015f\u0131nda<\/strong> i\u015fliyoruz \u2022 Ki\u015fisel verilerinizle ilgili haklar\u0131n\u0131z\u0131n neler oldu\u011fu, ki\u015fisel verilerinizi nas\u0131l y\u00f6netti\u011fimiz ve kimlerle payla\u015ft\u0131\u011f\u0131m\u0131z gibi konularda detayl\u0131 bilgi i\u00e7in <strong>&#8220;<a href=\"https:\/\/www.sunvision.com.tr\/tr\/internet-sitesi-aydinlatma-metni\/\">\u0130nternet Sitesi Ayd\u0131nlatma Metnimize<\/a>&#8220;<\/strong> ve <strong>&#8220;<\/strong><a href=\"https:\/\/www.sunvision.com.tr\/tr\/gizlilik-politikasi\/\"><strong>Gizlilik Politikam\u0131za<\/strong><\/a><strong>&#8220;<\/strong> g\u00f6z atabilirsiniz. \u2022 <strong>G\u00d6NDER<\/strong>&#8216;i t\u0131klayarak ki\u015fisel verilerinizin i\u015flenmesi \u00a0ve aktar\u0131m\u0131 i\u00e7in A\u00e7\u0131k R\u0131zan\u0131z\u0131 vermi\u015f say\u0131lacaks\u0131n\u0131z \u00a0\u2022 Size g\u00f6nderece\u011fimiz elektronik postalardaki <strong>&#8220;AYRIL&#8221;<\/strong> se\u00e7ene\u011fini kullanarak ki\u015fisel verilerinizi i\u015flenmesi i\u00e7in A\u00e7\u0131k R\u0131zan\u0131z\u0131 istedi\u011finiz zaman geri \u00e7ekebilirsiniz \u2022<\/p>\n<\/div><\/section><\/p><\/div>\n","protected":false},"excerpt":{"rendered":"","protected":false},"author":1,"featured_media":0,"parent":0,"menu_order":0,"comment_status":"closed","ping_status":"closed","template":"","meta":{"footnotes":""},"class_list":["post-308","page","type-page","status-publish","hentry"],"_links":{"self":[{"href":"https:\/\/www.sunvision.com.tr\/tr\/wp-json\/wp\/v2\/pages\/308","targetHints":{"allow":["GET"]}}],"collection":[{"href":"https:\/\/www.sunvision.com.tr\/tr\/wp-json\/wp\/v2\/pages"}],"about":[{"href":"https:\/\/www.sunvision.com.tr\/tr\/wp-json\/wp\/v2\/types\/page"}],"author":[{"embeddable":true,"href":"https:\/\/www.sunvision.com.tr\/tr\/wp-json\/wp\/v2\/users\/1"}],"replies":[{"embeddable":true,"href":"https:\/\/www.sunvision.com.tr\/tr\/wp-json\/wp\/v2\/comments?post=308"}],"version-history":[{"count":23,"href":"https:\/\/www.sunvision.com.tr\/tr\/wp-json\/wp\/v2\/pages\/308\/revisions"}],"predecessor-version":[{"id":1046,"href":"https:\/\/www.sunvision.com.tr\/tr\/wp-json\/wp\/v2\/pages\/308\/revisions\/1046"}],"wp:attachment":[{"href":"https:\/\/www.sunvision.com.tr\/tr\/wp-json\/wp\/v2\/media?parent=308"}],"curies":[{"name":"wp","href":"https:\/\/api.w.org\/{rel}","templated":true}]}}