{"id":176,"date":"2018-04-29T21:44:44","date_gmt":"2018-04-29T18:44:44","guid":{"rendered":"http:\/\/webevi.site\/sunvision\/?page_id=176"},"modified":"2023-01-13T22:05:31","modified_gmt":"2023-01-13T19:05:31","slug":"ana-sayfa","status":"publish","type":"page","link":"https:\/\/www.sunvision.com.tr\/tr\/","title":{"rendered":"Ana Sayfa"},"content":{"rendered":"<div id='full_slider_1'  class='avia-fullwidth-slider main_color avia-shadow   avia-builder-el-0  el_before_av_section  avia-builder-el-first   container_wrap sidebar_right'  ><div  class='avia-slideshow av-lcuv7z8w-570657b233678b2ed80868d2f67fbabd avia-slideshow-featured_large av_slideshow_full avia-slide_up-slider av-slideshow-ui av-control-minimal av-slideshow-autoplay av-loop-endless av-loop-manual-endless av-default-height-applied   avia-slideshow-1' data-slideshow-options=\"{&quot;animation&quot;:&quot;slide_up&quot;,&quot;autoplay&quot;:true,&quot;loop_autoplay&quot;:&quot;endless&quot;,&quot;interval&quot;:5,&quot;loop_manual&quot;:&quot;manual-endless&quot;,&quot;autoplay_stopper&quot;:false,&quot;noNavigation&quot;:false,&quot;bg_slider&quot;:false,&quot;keep_padding&quot;:false,&quot;hoverpause&quot;:false,&quot;show_slide_delay&quot;:0}\"  itemprop=\"image\" itemscope=\"itemscope\" itemtype=\"https:\/\/schema.org\/ImageObject\" ><ul class='avia-slideshow-inner ' style='padding-bottom: 42%;'><li  class='avia-slideshow-slide av-lcuv7z8w-570657b233678b2ed80868d2f67fbabd__0  slide-1 slide-odd'><div data-rel='slideshow-1' class='avia-slide-wrap '   ><div class='av-slideshow-caption av-lcuv7z8w-570657b233678b2ed80868d2f67fbabd__0 caption_fullwidth caption_bottom caption_bottom_framed caption_framed'><div class=\"container caption_container\"><div class=\"slideshow_caption\"><div class=\"slideshow_inner_caption\"><div class=\"slideshow_align_caption\"><h2 class='avia-caption-title '  itemprop=\"name\" >FIBCs Worldwide<\/h2><div class='avia-caption-content '  itemprop=\"description\" ><p>SunVision, \u0130stanbul , May\u0131s 2012 tarihinde faaliyete ba\u015flam\u0131\u015f olup, FIBC (Bigbag) konusunda uzun y\u0131llar tecr\u00fcbe edinmi\u015f bir tak\u0131m\u0131n bir araya gelmesiyle kurulmu\u015f bir \u015firkettir.<\/p>\n<\/div><\/div><\/div><\/div><\/div><\/div><img decoding=\"async\" fetchpriority=\"high\" class=\"wp-image-425 avia-img-lazy-loading-not-425\"  src=\"https:\/\/www.sunvision.com.tr\/wp-content\/uploads\/sun-2-1500x630.jpg\" width=\"1500\" height=\"630\" title='sun' alt=''  itemprop=\"thumbnailUrl\"   \/><\/div><\/li><li  class='avia-slideshow-slide av-lcuv7z8w-570657b233678b2ed80868d2f67fbabd__1  slide-2 slide-even'><div data-rel='slideshow-1' class='avia-slide-wrap '   ><img decoding=\"async\" fetchpriority=\"high\" class=\"wp-image-883 avia-img-lazy-loading-not-883\"  src=\"https:\/\/www.sunvision.com.tr\/wp-content\/uploads\/2018\/04\/DSC00640-1500x630.jpg\" width=\"1500\" height=\"630\" title='SONY DSC' alt=''  itemprop=\"thumbnailUrl\"   \/><\/div><\/li><li  class='avia-slideshow-slide av-lcuv7z8w-570657b233678b2ed80868d2f67fbabd__2  slide-3 slide-odd'><div data-rel='slideshow-1' class='avia-slide-wrap '   ><img decoding=\"async\" fetchpriority=\"high\" class=\"wp-image-881 avia-img-lazy-loading-not-881\"  src=\"https:\/\/www.sunvision.com.tr\/wp-content\/uploads\/2018\/04\/DSC00619-1500x630.jpg\" width=\"1500\" height=\"630\" title='SONY DSC' alt=''  itemprop=\"thumbnailUrl\"   \/><\/div><\/li><li  class='avia-slideshow-slide av-lcuv7z8w-570657b233678b2ed80868d2f67fbabd__3  slide-4 slide-even'><div data-rel='slideshow-1' class='avia-slide-wrap '   ><img decoding=\"async\" fetchpriority=\"high\" class=\"wp-image-882 avia-img-lazy-loading-not-882\"  src=\"https:\/\/www.sunvision.com.tr\/wp-content\/uploads\/2018\/04\/DSC00636-1500x630.jpg\" width=\"1500\" height=\"630\" title='SONY DSC' alt=''  itemprop=\"thumbnailUrl\"   \/><\/div><\/li><li  class='avia-slideshow-slide av-lcuv7z8w-570657b233678b2ed80868d2f67fbabd__4  slide-5 slide-odd'><div data-rel='slideshow-1' class='avia-slide-wrap '   ><img decoding=\"async\" fetchpriority=\"high\" class=\"wp-image-890 avia-img-lazy-loading-not-890\"  src=\"https:\/\/www.sunvision.com.tr\/wp-content\/uploads\/2018\/05\/DSC00629-1500x630.jpg\" width=\"1500\" height=\"630\" title='SONY DSC' alt=''  itemprop=\"thumbnailUrl\"   \/><\/div><\/li><li  class='avia-slideshow-slide av-lcuv7z8w-570657b233678b2ed80868d2f67fbabd__5  slide-6 slide-even'><div data-rel='slideshow-1' class='avia-slide-wrap '   ><img decoding=\"async\" fetchpriority=\"high\" class=\"wp-image-543 avia-img-lazy-loading-not-543\"  src=\"https:\/\/www.sunvision.com.tr\/wp-content\/uploads\/6-1500x630.jpg\" width=\"1500\" height=\"630\" title='6' alt=''  itemprop=\"thumbnailUrl\"   \/><\/div><\/li><li  class='avia-slideshow-slide av-lcuv7z8w-570657b233678b2ed80868d2f67fbabd__6  slide-7 slide-odd'><div data-rel='slideshow-1' class='avia-slide-wrap '   ><img decoding=\"async\" fetchpriority=\"high\" class=\"wp-image-545 avia-img-lazy-loading-not-545\"  src=\"https:\/\/www.sunvision.com.tr\/wp-content\/uploads\/7-1500x630.jpg\" width=\"1500\" height=\"630\" title='7' alt=''  itemprop=\"thumbnailUrl\"   \/><\/div><\/li><li  class='avia-slideshow-slide av-lcuv7z8w-570657b233678b2ed80868d2f67fbabd__7  slide-8 slide-even'><div data-rel='slideshow-1' class='avia-slide-wrap '   ><img decoding=\"async\" fetchpriority=\"high\" class=\"wp-image-547 avia-img-lazy-loading-not-547\"  src=\"https:\/\/www.sunvision.com.tr\/wp-content\/uploads\/8-1500x630.jpg\" width=\"1500\" height=\"630\" title='8' alt=''  itemprop=\"thumbnailUrl\"   \/><\/div><\/li><li  class='avia-slideshow-slide av-lcuv7z8w-570657b233678b2ed80868d2f67fbabd__8  slide-9 slide-odd'><div data-rel='slideshow-1' class='avia-slide-wrap '   ><img decoding=\"async\" fetchpriority=\"high\" class=\"wp-image-551 avia-img-lazy-loading-not-551\"  src=\"https:\/\/www.sunvision.com.tr\/wp-content\/uploads\/12-1500x630.jpg\" width=\"1500\" height=\"630\" title='12' alt=''  itemprop=\"thumbnailUrl\"   \/><\/div><\/li><li  class='avia-slideshow-slide av-lcuv7z8w-570657b233678b2ed80868d2f67fbabd__9  slide-10 slide-even'><div data-rel='slideshow-1' class='avia-slide-wrap '   ><img decoding=\"async\" fetchpriority=\"high\" class=\"wp-image-553 avia-img-lazy-loading-not-553\"  src=\"https:\/\/www.sunvision.com.tr\/wp-content\/uploads\/15-1500x630.jpg\" width=\"1500\" height=\"630\" title='15' alt=''  itemprop=\"thumbnailUrl\"   \/><\/div><\/li><li  class='avia-slideshow-slide av-lcuv7z8w-570657b233678b2ed80868d2f67fbabd__10  slide-11 slide-odd'><div data-rel='slideshow-1' class='avia-slide-wrap '   ><img decoding=\"async\" fetchpriority=\"high\" class=\"wp-image-555 avia-img-lazy-loading-not-555\"  src=\"https:\/\/www.sunvision.com.tr\/wp-content\/uploads\/16-1500x630.jpg\" width=\"1500\" height=\"630\" title='16' alt=''  itemprop=\"thumbnailUrl\"   \/><\/div><\/li><li  class='avia-slideshow-slide av-lcuv7z8w-570657b233678b2ed80868d2f67fbabd__11  slide-12 slide-even'><div data-rel='slideshow-1' class='avia-slide-wrap '   ><img decoding=\"async\" fetchpriority=\"high\" class=\"wp-image-557 avia-img-lazy-loading-not-557\"  src=\"https:\/\/www.sunvision.com.tr\/wp-content\/uploads\/17-1500x630.jpg\" width=\"1500\" height=\"630\" title='17' alt=''  itemprop=\"thumbnailUrl\"   \/><\/div><\/li><li  class='avia-slideshow-slide av-lcuv7z8w-570657b233678b2ed80868d2f67fbabd__12  slide-13 slide-odd'><div data-rel='slideshow-1' class='avia-slide-wrap '   ><img decoding=\"async\" fetchpriority=\"high\" class=\"wp-image-565 avia-img-lazy-loading-not-565\"  src=\"https:\/\/www.sunvision.com.tr\/wp-content\/uploads\/1-1500x630.jpg\" width=\"1500\" height=\"630\" title='1' alt=''  itemprop=\"thumbnailUrl\"   \/><\/div><\/li><\/ul><div class='avia-slideshow-arrows avia-slideshow-controls' ><a href='#prev' class='prev-slide  avia-svg-icon avia-font-svg_entypo-fontello' data-av_svg_icon='left-open-big' data-av_iconset='svg_entypo-fontello' tabindex='-1' title=\"\u00d6nceki\"><svg version=\"1.1\" xmlns=\"http:\/\/www.w3.org\/2000\/svg\" width=\"15\" height=\"32\" viewBox=\"0 0 15 32\" preserveAspectRatio=\"xMidYMid meet\" aria-labelledby='av-svg-title-1' aria-describedby='av-svg-desc-1' role=\"graphics-symbol\" aria-hidden=\"true\">\n<title id='av-svg-title-1'>\u00d6nceki<\/title>\n<desc id='av-svg-desc-1'>\u00d6nceki<\/desc>\n<path d=\"M14.464 27.84q0.832 0.832 0 1.536-0.832 0.832-1.536 0l-12.544-12.608q-0.768-0.768 0-1.6l12.544-12.608q0.704-0.832 1.536 0 0.832 0.704 0 1.536l-11.456 11.904z\"><\/path>\n<\/svg><span class='avia_hidden_link_text'>\u00d6nceki<\/span><\/a><a href='#next' class='next-slide  avia-svg-icon avia-font-svg_entypo-fontello' data-av_svg_icon='right-open-big' data-av_iconset='svg_entypo-fontello' tabindex='-1' title=\"Sonraki\"><svg version=\"1.1\" xmlns=\"http:\/\/www.w3.org\/2000\/svg\" width=\"15\" height=\"32\" viewBox=\"0 0 15 32\" preserveAspectRatio=\"xMidYMid meet\" aria-labelledby='av-svg-title-2' aria-describedby='av-svg-desc-2' role=\"graphics-symbol\" aria-hidden=\"true\">\n<title id='av-svg-title-2'>Sonraki<\/title>\n<desc id='av-svg-desc-2'>Sonraki<\/desc>\n<path d=\"M0.416 27.84l11.456-11.84-11.456-11.904q-0.832-0.832 0-1.536 0.832-0.832 1.536 0l12.544 12.608q0.768 0.832 0 1.6l-12.544 12.608q-0.704 0.832-1.536 0-0.832-0.704 0-1.536z\"><\/path>\n<\/svg><span class='avia_hidden_link_text'>Sonraki<\/span><\/a><\/div><div class='avia-slideshow-dots avia-slideshow-controls'><a href='#1' class='goto-slide active' >1<\/a><a href='#2' class='goto-slide ' >2<\/a><a href='#3' class='goto-slide ' >3<\/a><a href='#4' class='goto-slide ' >4<\/a><a href='#5' class='goto-slide ' >5<\/a><a href='#6' class='goto-slide ' >6<\/a><a href='#7' class='goto-slide ' >7<\/a><a href='#8' class='goto-slide ' >8<\/a><a href='#9' class='goto-slide ' >9<\/a><a href='#10' class='goto-slide ' >10<\/a><a href='#11' class='goto-slide ' >11<\/a><a href='#12' class='goto-slide ' >12<\/a><a href='#13' class='goto-slide ' >13<\/a><\/div><\/div><\/div>\n\n<style type=\"text\/css\" data-created_by=\"avia_inline_auto\" id=\"style-css-av-5hyfu0-2f05bc0aa18d5ef547c76cb9d6b80281\">\n.avia-section.av-5hyfu0-2f05bc0aa18d5ef547c76cb9d6b80281{\nbackground-color:#7f2891;\nbackground-image:unset;\n}\n.avia-section.av-5hyfu0-2f05bc0aa18d5ef547c76cb9d6b80281 .av-section-color-overlay{\nopacity:0.5;\nbackground-image:url(https:\/\/www.sunvision.com.tr\/wp-content\/themes\/theme\/images\/background-images\/diagonal-bold-light.png);\nbackground-repeat:repeat;\n}\n<\/style>\n<div id='av_section_1'  class='avia-section av-5hyfu0-2f05bc0aa18d5ef547c76cb9d6b80281 main_color avia-section-default avia-no-border-styling  avia-builder-el-1  el_after_av_slideshow_full  el_before_av_section  avia-bg-style-scroll av-section-color-overlay-active container_wrap sidebar_right'  ><div class=\"av-section-color-overlay-wrap\"><div class=\"av-section-color-overlay\"><\/div><div class='container av-section-cont-open' ><div class='template-page content  av-content-small alpha units'><div class='post-entry post-entry-type-page post-entry-176'><div class='entry-content-wrapper clearfix'>\n\n<style type=\"text\/css\" data-created_by=\"avia_inline_auto\" id=\"style-css-av-lcuvbsdw-92afbda4cdfe28b79dc23763a1dd6396\">\n#top .av-rotator-container.av-lcuvbsdw-92afbda4cdfe28b79dc23763a1dd6396{\ntext-align:center;\ncolor:#ffffff;\n}\n#top #wrap_all .av-rotator-container.av-lcuvbsdw-92afbda4cdfe28b79dc23763a1dd6396 .av-rotator-container-inner{\nfont-size:26px;\n}\n<\/style>\n<div  class='av-rotator-container av-rotation-container-center av-lcuvbsdw-92afbda4cdfe28b79dc23763a1dd6396  avia-builder-el-2  avia-builder-el-no-sibling  av-fixed-rotator-width' data-interval='5' data-animation='1' data-fixWidth='1'><h3 class='av-rotator-container-inner'>NEDEN SUNVISION\u2019I SE\u00c7MEL\u0130S\u0130N\u0130Z?<span class='av-rotator-text av-rotator-multiline-on'>\n<span class='av-rotator-text-single av-lcuvaerx-e5d09ceaa06e95950ae4ddd6e87d918a av-rotator-text-single-1' >\u00dcRET\u0130C\u0130 F\u0130RMAYIZ<\/span>\n<span class='av-rotator-text-single av-lcuvark6-78d64aebe8b94c6219c10ee3edb501c2 av-rotator-text-single-2' >M\u00dcKEMMEL KAL\u0130TE-F\u0130YAT ORANI<\/span>\n<span class='av-rotator-text-single av-lcuvbd4l-c5a9cd85b773cc49d773a351cd614060 av-rotator-text-single-3' >M\u00dc\u015eTER\u0130YE B\u0130REYSEL YAKLA\u015eIM<\/span>\n<span class='av-rotator-text-single av-lcuvbrbi-404d6b954a96b2acfdcd3f7e44889a0f av-rotator-text-single-4' >D\u00dcR\u00dcST, \u015eEFFAF, G\u00dcVEN\u0130L\u0130R \u00c7ALI\u015eIRIZ<\/span>\n<\/span><\/h3><\/div>\n\n<\/div><\/div><\/div><!-- close content main div --><\/div><\/div><\/div><div id='av_section_2'  class='avia-section av-jj8hs-6dca07de75b006a54780982b4449ac35 main_color avia-section-default avia-no-border-styling  avia-builder-el-3  el_after_av_section  el_before_av_one_full  avia-bg-style-scroll container_wrap sidebar_right'  ><div class='container av-section-cont-open' ><div class='template-page content  av-content-small alpha units'><div class='post-entry post-entry-type-page post-entry-176'><div class='entry-content-wrapper clearfix'>\n<div  class='flex_column av-59p7zk-b6a5ebf0b8a801d80964164fa7bcc7e5 av_one_fourth  avia-builder-el-4  el_before_av_one_fourth  avia-builder-el-first  first flex_column_div  '     ><style type=\"text\/css\" data-created_by=\"avia_inline_auto\" id=\"style-css-av-lcuvcklq-ade0b2af83cbc7c0342bb986ffeabdd0\">\n.iconbox.av-lcuvcklq-ade0b2af83cbc7c0342bb986ffeabdd0 .iconbox_icon{\nbackground-color:#7f2891;\nborder:1px solid #ffffff;\ncolor:#ffffff;\n}\n.iconbox.av-lcuvcklq-ade0b2af83cbc7c0342bb986ffeabdd0 .iconbox_icon.avia-svg-icon svg:first-child{\nfill:#ffffff;\nstroke:#ffffff;\n}\n<\/style>\n<article  class='iconbox iconbox_top av-lcuvcklq-ade0b2af83cbc7c0342bb986ffeabdd0 av-no-box  avia-builder-el-5  avia-builder-el-no-sibling '  itemscope=\"itemscope\" itemtype=\"https:\/\/schema.org\/CreativeWork\" ><div class=\"iconbox_content\"><header class=\"entry-content-header\" aria-label=\"Icon: EN \u0130Y\u0130 F\u0130YAT\"><div class='iconbox_icon heading-color avia-iconfont avia-font-entypo-fontello' data-av_icon='\ue827' data-av_iconfont='entypo-fontello'  ><\/div><h3 class='iconbox_content_title '  itemprop=\"headline\" >EN \u0130Y\u0130 F\u0130YAT<\/h3><\/header><div class='iconbox_content_container '  itemprop=\"text\" ><\/div><\/div><footer class=\"entry-footer\"><\/footer><\/article><\/div><div  class='flex_column av-51qnmo-84f728a6b968dbcba6616703856e7f87 av_one_fourth  avia-builder-el-6  el_after_av_one_fourth  el_before_av_one_fourth  flex_column_div  '     ><style type=\"text\/css\" data-created_by=\"avia_inline_auto\" id=\"style-css-av-lcuvwqql-f784d362522796323811474850eb617b\">\n.iconbox.av-lcuvwqql-f784d362522796323811474850eb617b .iconbox_icon{\nbackground-color:#7f2891;\nborder:1px solid #ffffff;\ncolor:#ffffff;\n}\n.iconbox.av-lcuvwqql-f784d362522796323811474850eb617b .iconbox_icon.avia-svg-icon svg:first-child{\nfill:#ffffff;\nstroke:#ffffff;\n}\n<\/style>\n<article  class='iconbox iconbox_top av-lcuvwqql-f784d362522796323811474850eb617b av-no-box  avia-builder-el-7  avia-builder-el-no-sibling '  itemscope=\"itemscope\" itemtype=\"https:\/\/schema.org\/CreativeWork\" ><div class=\"iconbox_content\"><header class=\"entry-content-header\" aria-label=\"Icon: G\u00dcVEN\u0130L\u0130R \u00dcR\u00dcNLER\"><div class='iconbox_icon heading-color avia-iconfont avia-font-entypo-fontello' data-av_icon='\ue812' data-av_iconfont='entypo-fontello'  ><\/div><h3 class='iconbox_content_title '  itemprop=\"headline\" >G\u00dcVEN\u0130L\u0130R \u00dcR\u00dcNLER<\/h3><\/header><div class='iconbox_content_container '  itemprop=\"text\" ><\/div><\/div><footer class=\"entry-footer\"><\/footer><\/article><\/div><div  class='flex_column av-4vo87c-9d456e7da50f46035c7c0d37d6ec3a35 av_one_fourth  avia-builder-el-8  el_after_av_one_fourth  el_before_av_one_fourth  flex_column_div  '     ><style type=\"text\/css\" data-created_by=\"avia_inline_auto\" id=\"style-css-av-lcuvwxx5-a445262d7c40e764803f9778815e7d3b\">\n.iconbox.av-lcuvwxx5-a445262d7c40e764803f9778815e7d3b .iconbox_icon{\nbackground-color:#7f2891;\nborder:1px solid #ffffff;\ncolor:#ffffff;\n}\n.iconbox.av-lcuvwxx5-a445262d7c40e764803f9778815e7d3b .iconbox_icon.avia-svg-icon svg:first-child{\nfill:#ffffff;\nstroke:#ffffff;\n}\n<\/style>\n<article  class='iconbox iconbox_top av-lcuvwxx5-a445262d7c40e764803f9778815e7d3b av-no-box  avia-builder-el-9  avia-builder-el-no-sibling '  itemscope=\"itemscope\" itemtype=\"https:\/\/schema.org\/CreativeWork\" ><div class=\"iconbox_content\"><header class=\"entry-content-header\" aria-label=\"Icon: HIZLI TESL\u0130MAT\"><div class='iconbox_icon heading-color avia-iconfont avia-font-entypo-fontello' data-av_icon='\ue8b6' data-av_iconfont='entypo-fontello'  ><\/div><h3 class='iconbox_content_title '  itemprop=\"headline\" >HIZLI TESL\u0130MAT<\/h3><\/header><div class='iconbox_content_container '  itemprop=\"text\" ><\/div><\/div><footer class=\"entry-footer\"><\/footer><\/article><\/div><div  class='flex_column av-4qij0o-e5b9e05763d3a72da68deb12ef8b97b1 av_one_fourth  avia-builder-el-10  el_after_av_one_fourth  avia-builder-el-last  flex_column_div  '     ><style type=\"text\/css\" data-created_by=\"avia_inline_auto\" id=\"style-css-av-lcuvy1p7-3c4601a87bc972d2d82b325799ba38f3\">\n.iconbox.av-lcuvy1p7-3c4601a87bc972d2d82b325799ba38f3 .iconbox_icon{\nbackground-color:#7f2891;\nborder:1px solid #ffffff;\ncolor:#ffffff;\n}\n.iconbox.av-lcuvy1p7-3c4601a87bc972d2d82b325799ba38f3 .iconbox_icon.avia-svg-icon svg:first-child{\nfill:#ffffff;\nstroke:#ffffff;\n}\n<\/style>\n<article  class='iconbox iconbox_top av-lcuvy1p7-3c4601a87bc972d2d82b325799ba38f3 av-no-box  avia-builder-el-11  avia-builder-el-no-sibling '  itemscope=\"itemscope\" itemtype=\"https:\/\/schema.org\/CreativeWork\" ><div class=\"iconbox_content\"><header class=\"entry-content-header\" aria-label=\"Icon: M\u00dc\u015eTER\u0130 MEMNUN\u0130YET\u0130\"><div class='iconbox_icon heading-color avia-iconfont avia-font-entypo-fontello' data-av_icon='\ue82b' data-av_iconfont='entypo-fontello'  ><\/div><h3 class='iconbox_content_title '  itemprop=\"headline\" >M\u00dc\u015eTER\u0130 MEMNUN\u0130YET\u0130<\/h3><\/header><div class='iconbox_content_container '  itemprop=\"text\" ><\/div><\/div><footer class=\"entry-footer\"><\/footer><\/article><\/div>\n<\/div><\/div><\/div><!-- close content main div --><\/div><\/div><div id='after_section_2'  class='main_color av_default_container_wrap container_wrap sidebar_right'  ><div class='container av-section-cont-open' ><div class='template-page content  av-content-small alpha units'><div class='post-entry post-entry-type-page post-entry-176'><div class='entry-content-wrapper clearfix'>\n<div  class='flex_column av-4i8gb4-55419381dd530b5dcc8006f487c14f80 av_one_full  avia-builder-el-12  el_after_av_section  el_before_av_section  avia-builder-el-no-sibling  first flex_column_div  '     ><div  class='av_gmaps_sc_main_wrap av_gmaps_main_wrap '><div id='av_gmap_0' class='avia-google-map-container avia-google-map-sc av_gmaps_show_unconditionally av-no-fallback-img ' data-mapid='av_gmap_0'  style='height: 450px;'><a class=\"av_gmaps_browser_disabled av_text_confirm_link av_text_confirm_link_visible\" href=\"https:\/\/www.google.com\/maps\/search\/?api=1&#038;query=37.09024,-95.712891\" target=\"_blank\">Maps were disabled by the visitor on this site. Click to open the map in a new window.<\/a><\/div><\/div><\/div>\n<\/div><\/div><\/div><!-- close content main div --><\/div><\/div>\n<style type=\"text\/css\" data-created_by=\"avia_inline_auto\" id=\"style-css-av-24aa0-9844342e5005d81a88d99b1953f370b0\">\n.avia-section.av-24aa0-9844342e5005d81a88d99b1953f370b0{\nbackground-color:#ededed;\nbackground-image:unset;\n}\n.avia-section.av-24aa0-9844342e5005d81a88d99b1953f370b0 .av-section-color-overlay{\nopacity:0.5;\nbackground-image:url(https:\/\/www.sunvision.com.tr\/wp-content\/themes\/theme\/images\/background-images\/diagonal-bold-light.png);\nbackground-repeat:repeat;\n}\n<\/style>\n<div id='av_section_3'  class='avia-section av-24aa0-9844342e5005d81a88d99b1953f370b0 main_color avia-section-default avia-no-border-styling  avia-builder-el-14  el_after_av_one_full  avia-builder-el-last  avia-bg-style-scroll av-section-color-overlay-active container_wrap sidebar_right'  ><div class=\"av-section-color-overlay-wrap\"><div class=\"av-section-color-overlay\"><\/div><div class='container av-section-cont-open' ><div class='template-page content  av-content-small alpha units'><div class='post-entry post-entry-type-page post-entry-176'><div class='entry-content-wrapper clearfix'>\n\n<style type=\"text\/css\" data-created_by=\"avia_inline_auto\" id=\"style-css-av-1nw00-d2cdb2b7165e3c4f80ff66ca62ebd285\">\n#top .av-special-heading.av-1nw00-d2cdb2b7165e3c4f80ff66ca62ebd285{\npadding-bottom:40px;\n}\nbody .av-special-heading.av-1nw00-d2cdb2b7165e3c4f80ff66ca62ebd285 .av-special-heading-tag .heading-char{\nfont-size:25px;\n}\n.av-special-heading.av-1nw00-d2cdb2b7165e3c4f80ff66ca62ebd285 .av-subheading{\nfont-size:15px;\n}\n<\/style>\n<div  class='av-special-heading av-1nw00-d2cdb2b7165e3c4f80ff66ca62ebd285 av-special-heading-h3 blockquote modern-quote modern-centered  avia-builder-el-15  el_before_av_button  avia-builder-el-first '><h3 class='av-special-heading-tag '  itemprop=\"headline\"  >\u00d6zel \u00fcr\u00fcn ihtiya\u00e7lar\u0131n\u0131z i\u00e7in bizimle ileti\u015fime ge\u00e7in. Size en iyi teklifi vermekten memnuniyet duyaca\u011f\u0131z.<\/h3><div class=\"special-heading-border\"><div class=\"special-heading-inner-border\"><\/div><\/div><\/div>\n<div  class='avia-button-wrap av-6l89c-5aea9aa0dad47461d5af1b35bdf78f10-wrap avia-button-center  avia-builder-el-16  el_after_av_heading  avia-builder-el-last '>\n<style type=\"text\/css\" data-created_by=\"avia_inline_auto\" id=\"style-css-av-6l89c-5aea9aa0dad47461d5af1b35bdf78f10\">\n#top #wrap_all .avia-button.av-6l89c-5aea9aa0dad47461d5af1b35bdf78f10:hover{\ncolor:white;\ntransition:all 0.4s ease-in-out;\n}\n#top #wrap_all .avia-button.av-6l89c-5aea9aa0dad47461d5af1b35bdf78f10:hover .avia-svg-icon svg:first-child{\nfill:white;\nstroke:white;\n}\n<\/style>\n<a href='https:\/\/www.sunvision.com.tr\/tr\/iletisim\/'  class='avia-button av-6l89c-5aea9aa0dad47461d5af1b35bdf78f10 av-link-btn avia-icon_select-yes-left-icon avia-size-large avia-position-center av-icon-on-hover avia-color-theme-color-highlight avia-font-color-theme-color'   aria-label=\"Bizimle \u0130leti\u015fime Ge\u00e7in\"><span class='avia_button_icon avia_button_icon_left avia-iconfont avia-font-entypo-fontello' data-av_icon='\ue805' data-av_iconfont='entypo-fontello' ><\/span><span class='avia_iconbox_title' >Bizimle \u0130leti\u015fime Ge\u00e7in<\/span><span class='avia_button_background avia-button avia-color-theme-color-highlight' ><\/span><\/a><\/div>\n<\/div><\/div><\/div><!-- close content main div --><\/div><\/div><\/div><div id='after_section_3'  class='main_color av_default_container_wrap container_wrap sidebar_right'  ><div class='container av-section-cont-open' ><div class='template-page content  av-content-small alpha units'><div class='post-entry post-entry-type-page post-entry-176'><div class='entry-content-wrapper clearfix'>\n","protected":false},"excerpt":{"rendered":"","protected":false},"author":1,"featured_media":0,"parent":0,"menu_order":0,"comment_status":"closed","ping_status":"closed","template":"","meta":{"footnotes":""},"class_list":["post-176","page","type-page","status-publish","hentry"],"_links":{"self":[{"href":"https:\/\/www.sunvision.com.tr\/tr\/wp-json\/wp\/v2\/pages\/176","targetHints":{"allow":["GET"]}}],"collection":[{"href":"https:\/\/www.sunvision.com.tr\/tr\/wp-json\/wp\/v2\/pages"}],"about":[{"href":"https:\/\/www.sunvision.com.tr\/tr\/wp-json\/wp\/v2\/types\/page"}],"author":[{"embeddable":true,"href":"https:\/\/www.sunvision.com.tr\/tr\/wp-json\/wp\/v2\/users\/1"}],"replies":[{"embeddable":true,"href":"https:\/\/www.sunvision.com.tr\/tr\/wp-json\/wp\/v2\/comments?post=176"}],"version-history":[{"count":13,"href":"https:\/\/www.sunvision.com.tr\/tr\/wp-json\/wp\/v2\/pages\/176\/revisions"}],"predecessor-version":[{"id":892,"href":"https:\/\/www.sunvision.com.tr\/tr\/wp-json\/wp\/v2\/pages\/176\/revisions\/892"}],"wp:attachment":[{"href":"https:\/\/www.sunvision.com.tr\/tr\/wp-json\/wp\/v2\/media?parent=176"}],"curies":[{"name":"wp","href":"https:\/\/api.w.org\/{rel}","templated":true}]}}